{"id":8958,"date":"2020-12-14T07:27:37","date_gmt":"2020-12-14T07:27:37","guid":{"rendered":"https:\/\/companyhub.liquid-themes.com\/staging\/?page_id=8958"},"modified":"2024-07-09T01:12:25","modified_gmt":"2024-07-08T22:12:25","slug":"lebenslauf","status":"publish","type":"page","link":"https:\/\/drkul.com\/de\/lebenslauf\/","title":{"rendered":"Op.Dr. Zekeriya KUL"},"content":{"rendered":"<div data-elementor-type=\"wp-page\" data-elementor-id=\"8958\" class=\"elementor elementor-8958\" data-elementor-post-type=\"page\">\n\t\t\t\t\t\t<section class=\"elementor-section elementor-top-section elementor-element elementor-element-11640ad elementor-section-boxed elementor-section-height-default elementor-section-height-default wpr-particle-no wpr-jarallax-no wpr-parallax-no wpr-sticky-section-no\" data-id=\"11640ad\" data-element_type=\"section\" data-settings=\"{&quot;background_background&quot;:&quot;classic&quot;}\">\n\t\t\t\t\t\t<div class=\"elementor-container elementor-column-gap-default\">\n\t\t\t\t\t<div class=\"elementor-column elementor-col-100 elementor-top-column elementor-element elementor-element-06234be\" data-id=\"06234be\" data-element_type=\"column\">\n\t\t\t<div class=\"elementor-widget-wrap elementor-element-populated\">\n\t\t\t\t\t\t<div class=\"elementor-element elementor-element-5eb68c9 elementor-widget elementor-widget-heading\" data-id=\"5eb68c9\" data-element_type=\"widget\" data-widget_type=\"heading.default\">\n\t\t\t\t<div class=\"elementor-widget-container\">\n\t\t\t<style>\/*! elementor - v3.20.0 - 20-03-2024 *\/\n.elementor-heading-title{padding:0;margin:0;line-height:1}.elementor-widget-heading .elementor-heading-title[class*=elementor-size-]>a{color:inherit;font-size:inherit;line-height:inherit}.elementor-widget-heading .elementor-heading-title.elementor-size-small{font-size:15px}.elementor-widget-heading .elementor-heading-title.elementor-size-medium{font-size:19px}.elementor-widget-heading .elementor-heading-title.elementor-size-large{font-size:29px}.elementor-widget-heading .elementor-heading-title.elementor-size-xl{font-size:39px}.elementor-widget-heading .elementor-heading-title.elementor-size-xxl{font-size:59px}<\/style><div class=\"elementor-heading-title elementor-size-default\"><div class=\"aioseo-breadcrumbs\"><span class=\"aioseo-breadcrumb\">\n\tAnasayfa\n<\/span><\/div><\/div>\t\t<\/div>\n\t\t\t\t<\/div>\n\t\t\t\t<div class=\"elementor-element elementor-element-fba2334 elementor-widget elementor-widget-spacer\" data-id=\"fba2334\" data-element_type=\"widget\" data-widget_type=\"spacer.default\">\n\t\t\t\t<div class=\"elementor-widget-container\">\n\t\t\t<style>\/*! elementor - v3.20.0 - 20-03-2024 *\/\n.elementor-column .elementor-spacer-inner{height:var(--spacer-size)}.e-con{--container-widget-width:100%}.e-con-inner>.elementor-widget-spacer,.e-con>.elementor-widget-spacer{width:var(--container-widget-width,var(--spacer-size));--align-self:var(--container-widget-align-self,initial);--flex-shrink:0}.e-con-inner>.elementor-widget-spacer>.elementor-widget-container,.e-con>.elementor-widget-spacer>.elementor-widget-container{height:100%;width:100%}.e-con-inner>.elementor-widget-spacer>.elementor-widget-container>.elementor-spacer,.e-con>.elementor-widget-spacer>.elementor-widget-container>.elementor-spacer{height:100%}.e-con-inner>.elementor-widget-spacer>.elementor-widget-container>.elementor-spacer>.elementor-spacer-inner,.e-con>.elementor-widget-spacer>.elementor-widget-container>.elementor-spacer>.elementor-spacer-inner{height:var(--container-widget-height,var(--spacer-size))}.e-con-inner>.elementor-widget-spacer.elementor-widget-empty,.e-con>.elementor-widget-spacer.elementor-widget-empty{position:relative;min-height:22px;min-width:22px}.e-con-inner>.elementor-widget-spacer.elementor-widget-empty .elementor-widget-empty-icon,.e-con>.elementor-widget-spacer.elementor-widget-empty .elementor-widget-empty-icon{position:absolute;top:0;bottom:0;left:0;right:0;margin:auto;padding:0;width:22px;height:22px}<\/style>\t\t<div class=\"elementor-spacer\">\n\t\t\t<div class=\"elementor-spacer-inner\"><\/div>\n\t\t<\/div>\n\t\t\t\t<\/div>\n\t\t\t\t<\/div>\n\t\t\t\t<div class=\"elementor-element elementor-element-3149ad2 elementor-widget elementor-widget-heading\" data-id=\"3149ad2\" data-element_type=\"widget\" data-widget_type=\"heading.default\">\n\t\t\t\t<div class=\"elementor-widget-container\">\n\t\t\t<h1 class=\"elementor-heading-title elementor-size-default\">Op.Dr. Zekeriya KUL<\/h1>\t\t<\/div>\n\t\t\t\t<\/div>\n\t\t\t\t<div class=\"elementor-element elementor-element-c553933 elementor-widget elementor-widget-heading\" data-id=\"c553933\" data-element_type=\"widget\" data-widget_type=\"heading.default\">\n\t\t\t\t<div class=\"elementor-widget-container\">\n\t\t\t<p class=\"elementor-heading-title elementor-size-default\">\u00c4sthetische, plastische und rekonstruktive Chirurgie<\/p>\t\t<\/div>\n\t\t\t\t<\/div>\n\t\t\t\t\t<\/div>\n\t\t<\/div>\n\t\t\t\t\t<\/div>\n\t\t<\/section>\n\t\t\t\t<section class=\"elementor-section elementor-top-section elementor-element elementor-element-697e38b elementor-section-boxed elementor-section-height-default elementor-section-height-default wpr-particle-no wpr-jarallax-no wpr-parallax-no wpr-sticky-section-no\" data-id=\"697e38b\" data-element_type=\"section\" data-settings=\"{&quot;background_background&quot;:&quot;classic&quot;}\">\n\t\t\t\t\t\t<div class=\"elementor-container elementor-column-gap-default\">\n\t\t\t\t\t<div class=\"elementor-column elementor-col-50 elementor-top-column elementor-element elementor-element-d1be82c\" data-id=\"d1be82c\" data-element_type=\"column\">\n\t\t\t<div class=\"elementor-widget-wrap elementor-element-populated\">\n\t\t\t\t\t\t<div class=\"elementor-element elementor-element-03a1a37 elementor-widget elementor-widget-image\" data-id=\"03a1a37\" data-element_type=\"widget\" data-widget_type=\"image.default\">\n\t\t\t\t<div class=\"elementor-widget-container\">\n\t\t\t<style>\/*! elementor - v3.20.0 - 20-03-2024 *\/\n.elementor-widget-image{text-align:center}.elementor-widget-image a{display:inline-block}.elementor-widget-image a img[src$=\".svg\"]{width:48px}.elementor-widget-image img{vertical-align:middle;display:inline-block}<\/style>\t\t\t\t\t\t\t\t\t\t<img fetchpriority=\"high\" decoding=\"async\" width=\"780\" height=\"880\" src=\"https:\/\/drkul.com\/de\/wp-content\/uploads\/2024\/05\/drkul-ozgecmis-2.jpg\" class=\"attachment-full size-full wp-image-16398\" alt=\"\" srcset=\"https:\/\/drkul.com\/de\/wp-content\/uploads\/2024\/05\/drkul-ozgecmis-2.jpg 780w,  https:\/\/drkul.com\/de\/wp-content\/uploads\/2024\/05\/drkul-ozgecmis-2-266x300.jpg 266w\" sizes=\"(max-width: 780px) 100vw, 780px\" \/>\t\t\t\t\t\t\t\t\t\t\t\t\t<\/div>\n\t\t\t\t<\/div>\n\t\t\t\t\t<\/div>\n\t\t<\/div>\n\t\t\t\t<div class=\"elementor-column elementor-col-50 elementor-top-column elementor-element elementor-element-1f42e59\" data-id=\"1f42e59\" data-element_type=\"column\">\n\t\t\t<div class=\"elementor-widget-wrap elementor-element-populated\">\n\t\t\t\t\t\t<div class=\"elementor-element elementor-element-a936b35 elementor-widget elementor-widget-heading\" data-id=\"a936b35\" data-element_type=\"widget\" data-widget_type=\"heading.default\">\n\t\t\t\t<div class=\"elementor-widget-container\">\n\t\t\t<p class=\"elementor-heading-title elementor-size-default\">\u00c4sthetisch-Plastische Chirurgie<\/p>\t\t<\/div>\n\t\t\t\t<\/div>\n\t\t\t\t<div class=\"elementor-element elementor-element-0e65b8a elementor-widget elementor-widget-heading\" data-id=\"0e65b8a\" data-element_type=\"widget\" data-widget_type=\"heading.default\">\n\t\t\t\t<div class=\"elementor-widget-container\">\n\t\t\t<h2 class=\"elementor-heading-title elementor-size-default\">Op. Dr. Zekeriya Kul<\/h2>\t\t<\/div>\n\t\t\t\t<\/div>\n\t\t\t\t<div class=\"elementor-element elementor-element-fdfd44b elementor-widget elementor-widget-spacer\" data-id=\"fdfd44b\" data-element_type=\"widget\" data-widget_type=\"spacer.default\">\n\t\t\t\t<div class=\"elementor-widget-container\">\n\t\t\t\t\t<div class=\"elementor-spacer\">\n\t\t\t<div class=\"elementor-spacer-inner\"><\/div>\n\t\t<\/div>\n\t\t\t\t<\/div>\n\t\t\t\t<\/div>\n\t\t\t\t<div class=\"elementor-element elementor-element-4b09557 elementor-widget elementor-widget-text-editor\" data-id=\"4b09557\" data-element_type=\"widget\" data-widget_type=\"text-editor.default\">\n\t\t\t\t<div class=\"elementor-widget-container\">\n\t\t\t<style>\/*! elementor - v3.20.0 - 20-03-2024 *\/\n.elementor-widget-text-editor.elementor-drop-cap-view-stacked .elementor-drop-cap{background-color:#69727d;color:#fff}.elementor-widget-text-editor.elementor-drop-cap-view-framed .elementor-drop-cap{color:#69727d;border:3px solid;background-color:transparent}.elementor-widget-text-editor:not(.elementor-drop-cap-view-default) .elementor-drop-cap{margin-top:8px}.elementor-widget-text-editor:not(.elementor-drop-cap-view-default) .elementor-drop-cap-letter{width:1em;height:1em}.elementor-widget-text-editor .elementor-drop-cap{float:left;text-align:center;line-height:1;font-size:50px}.elementor-widget-text-editor .elementor-drop-cap-letter{display:inline-block}<\/style>\t\t\t\t<p>Nach seinem Medizinstudium an der Medizinischen Fakult\u00e4t der Universit\u00e4t Istanbul Cerrahpa\u015fa (1993-1999) begann er seine Spezialisierung in \u00c4sthetischer, Plastischer und Rekonstruktiver Chirurgie am Vak\u0131f Gureba Training and Research Hospital. W\u00e4hrend seiner Spezialisierung nahm er an zahlreichen nationalen und internationalen Kongressen teil.<\/p><p>W\u00e4hrend seiner Facharztausbildung erhielt er von Dr. Cesar Arrunetaqui am Belvedere Hospital in Belo Horizonte, Brasilien, eine Ausbildung in \u00e4sthetischer Brustchirurgie, K\u00f6rperformung und Gesichtsverj\u00fcngung. Mit seiner Dissertation mit dem Titel &#8220;The effect of adipose tissue-derived stromal vascular fraction on the viability of random pattern skin flaps&#8221; (Die Auswirkung von aus Fettgewebe gewonnenen stromalen Gef\u00e4\u00dfanteilen auf die Lebensf\u00e4higkeit von Hautlappen mit zuf\u00e4lligem Muster) wurde er zum Facharzt f\u00fcr \u00c4sthetische, Plastische und Rekonstruktive Chirurgie ernannt.<\/p><p>Nach der Spezialisierung leistete er seinen Pflichtdienst im staatlichen Krankenhaus von Van ab. Nachdem er eine Zeit lang im Dr. Sadi Konuk Ausbildungs- und Forschungskrankenhaus in Istanbul-Bak\u0131rk\u00f6y gearbeitet hatte, begann er, seine Patienten aus der T\u00fcrkei und dem Ausland in der von ihm gegr\u00fcndeten Privatklinik in Istanbul zu behandeln. Er bietet seinen Patienten nicht nur dauerhafte und wirksame chirurgische Ergebnisse mit seinen speziell entwickelten chirurgischen Techniken, sondern teilt diese Techniken auch mit seinen Kollegen, die ihn aus verschiedenen L\u00e4ndern der Welt besuchen, und organisiert regelm\u00e4\u00dfig Schulungskurse und Live-Chirurgie-Programme im Ausland.<\/p>\t\t\t\t\t\t<\/div>\n\t\t\t\t<\/div>\n\t\t\t\t\t<\/div>\n\t\t<\/div>\n\t\t\t\t\t<\/div>\n\t\t<\/section>\n\t\t\t\t<\/div>","protected":false},"excerpt":{"rendered":"<p>Op.Dr. Zekeriya KUL \u00c4sthetische, plastische und rekonstruktive Chirurgie \u00c4sthetisch-Plastische Chirurgie Op. Dr. Zekeriya Kul Nach seinem Medizinstudium an der Medizinischen Fakult\u00e4t der Universit\u00e4t Istanbul Cerrahpa\u015fa (1993-1999) begann er seine Spezialisierung in \u00c4sthetischer, Plastischer und Rekonstruktiver Chirurgie am Vak\u0131f Gureba Training and Research Hospital. W\u00e4hrend seiner Spezialisierung nahm er an zahlreichen nationalen und internationalen Kongressen teil. [&hellip;]<\/p>","protected":false},"author":1,"featured_media":0,"parent":0,"menu_order":0,"comment_status":"closed","ping_status":"closed","template":"","meta":{"footnotes":""},"class_list":["post-8958","page","type-page","status-publish","hentry"],"aioseo_notices":[],"_links":{"self":[{"href":"https:\/\/drkul.com\/de\/wp-json\/wp\/v2\/pages\/8958","targetHints":{"allow":["GET"]}}],"collection":[{"href":"https:\/\/drkul.com\/de\/wp-json\/wp\/v2\/pages"}],"about":[{"href":"https:\/\/drkul.com\/de\/wp-json\/wp\/v2\/types\/page"}],"author":[{"embeddable":true,"href":"https:\/\/drkul.com\/de\/wp-json\/wp\/v2\/users\/1"}],"replies":[{"embeddable":true,"href":"https:\/\/drkul.com\/de\/wp-json\/wp\/v2\/comments?post=8958"}],"version-history":[{"count":218,"href":"https:\/\/drkul.com\/de\/wp-json\/wp\/v2\/pages\/8958\/revisions"}],"predecessor-version":[{"id":16895,"href":"https:\/\/drkul.com\/de\/wp-json\/wp\/v2\/pages\/8958\/revisions\/16895"}],"wp:attachment":[{"href":"https:\/\/drkul.com\/de\/wp-json\/wp\/v2\/media?parent=8958"}],"curies":[{"name":"wp","href":"https:\/\/api.w.org\/{rel}","templated":true}]}}