{"id":16058,"date":"2024-03-28T03:18:47","date_gmt":"2024-03-28T00:18:47","guid":{"rendered":"https:\/\/drkul.com\/de\/?page_id=16058"},"modified":"2024-07-09T00:48:31","modified_gmt":"2024-07-08T21:48:31","slug":"chirurgische-philosophie","status":"publish","type":"page","link":"https:\/\/drkul.com\/de\/chirurgische-philosophie\/","title":{"rendered":"Chirurgische Philosophie"},"content":{"rendered":"<div data-elementor-type=\"wp-page\" data-elementor-id=\"16058\" class=\"elementor elementor-16058\" data-elementor-post-type=\"page\">\n\t\t\t\t\t\t<section class=\"elementor-section elementor-top-section elementor-element elementor-element-11640ad elementor-section-boxed elementor-section-height-default elementor-section-height-default wpr-particle-no wpr-jarallax-no wpr-parallax-no wpr-sticky-section-no\" data-id=\"11640ad\" data-element_type=\"section\" data-settings=\"{&quot;background_background&quot;:&quot;classic&quot;}\">\n\t\t\t\t\t\t<div class=\"elementor-container elementor-column-gap-default\">\n\t\t\t\t\t<div class=\"elementor-column elementor-col-100 elementor-top-column elementor-element elementor-element-06234be\" data-id=\"06234be\" data-element_type=\"column\">\n\t\t\t<div class=\"elementor-widget-wrap elementor-element-populated\">\n\t\t\t\t\t\t<div class=\"elementor-element elementor-element-5eb68c9 elementor-widget elementor-widget-heading\" data-id=\"5eb68c9\" data-element_type=\"widget\" data-widget_type=\"heading.default\">\n\t\t\t\t<div class=\"elementor-widget-container\">\n\t\t\t<style>\/*! elementor - v3.20.0 - 20-03-2024 *\/\n.elementor-heading-title{padding:0;margin:0;line-height:1}.elementor-widget-heading .elementor-heading-title[class*=elementor-size-]>a{color:inherit;font-size:inherit;line-height:inherit}.elementor-widget-heading .elementor-heading-title.elementor-size-small{font-size:15px}.elementor-widget-heading .elementor-heading-title.elementor-size-medium{font-size:19px}.elementor-widget-heading .elementor-heading-title.elementor-size-large{font-size:29px}.elementor-widget-heading .elementor-heading-title.elementor-size-xl{font-size:39px}.elementor-widget-heading .elementor-heading-title.elementor-size-xxl{font-size:59px}<\/style><div class=\"elementor-heading-title elementor-size-default\"><div class=\"aioseo-breadcrumbs\"><span class=\"aioseo-breadcrumb\">\n\tAnasayfa\n<\/span><\/div><\/div>\t\t<\/div>\n\t\t\t\t<\/div>\n\t\t\t\t<div class=\"elementor-element elementor-element-fba2334 elementor-widget elementor-widget-spacer\" data-id=\"fba2334\" data-element_type=\"widget\" data-widget_type=\"spacer.default\">\n\t\t\t\t<div class=\"elementor-widget-container\">\n\t\t\t<style>\/*! elementor - v3.20.0 - 20-03-2024 *\/\n.elementor-column .elementor-spacer-inner{height:var(--spacer-size)}.e-con{--container-widget-width:100%}.e-con-inner>.elementor-widget-spacer,.e-con>.elementor-widget-spacer{width:var(--container-widget-width,var(--spacer-size));--align-self:var(--container-widget-align-self,initial);--flex-shrink:0}.e-con-inner>.elementor-widget-spacer>.elementor-widget-container,.e-con>.elementor-widget-spacer>.elementor-widget-container{height:100%;width:100%}.e-con-inner>.elementor-widget-spacer>.elementor-widget-container>.elementor-spacer,.e-con>.elementor-widget-spacer>.elementor-widget-container>.elementor-spacer{height:100%}.e-con-inner>.elementor-widget-spacer>.elementor-widget-container>.elementor-spacer>.elementor-spacer-inner,.e-con>.elementor-widget-spacer>.elementor-widget-container>.elementor-spacer>.elementor-spacer-inner{height:var(--container-widget-height,var(--spacer-size))}.e-con-inner>.elementor-widget-spacer.elementor-widget-empty,.e-con>.elementor-widget-spacer.elementor-widget-empty{position:relative;min-height:22px;min-width:22px}.e-con-inner>.elementor-widget-spacer.elementor-widget-empty .elementor-widget-empty-icon,.e-con>.elementor-widget-spacer.elementor-widget-empty .elementor-widget-empty-icon{position:absolute;top:0;bottom:0;left:0;right:0;margin:auto;padding:0;width:22px;height:22px}<\/style>\t\t<div class=\"elementor-spacer\">\n\t\t\t<div class=\"elementor-spacer-inner\"><\/div>\n\t\t<\/div>\n\t\t\t\t<\/div>\n\t\t\t\t<\/div>\n\t\t\t\t<div class=\"elementor-element elementor-element-3149ad2 elementor-widget elementor-widget-heading\" data-id=\"3149ad2\" data-element_type=\"widget\" data-widget_type=\"heading.default\">\n\t\t\t\t<div class=\"elementor-widget-container\">\n\t\t\t<h1 class=\"elementor-heading-title elementor-size-default\">Chirurgische Philosophie<\/h1>\t\t<\/div>\n\t\t\t\t<\/div>\n\t\t\t\t<div class=\"elementor-element elementor-element-c553933 elementor-widget elementor-widget-heading\" data-id=\"c553933\" data-element_type=\"widget\" data-widget_type=\"heading.default\">\n\t\t\t\t<div class=\"elementor-widget-container\">\n\t\t\t<p class=\"elementor-heading-title elementor-size-default\">Nach \u00e4sthetischen Eingriffen haben wir nur ein Ziel: Wir wollen, dass unser Patient gl\u00fccklich ist!<\/p>\t\t<\/div>\n\t\t\t\t<\/div>\n\t\t\t\t\t<\/div>\n\t\t<\/div>\n\t\t\t\t\t<\/div>\n\t\t<\/section>\n\t\t\t\t<section class=\"elementor-section elementor-top-section elementor-element elementor-element-697e38b elementor-section-boxed elementor-section-height-default elementor-section-height-default wpr-particle-no wpr-jarallax-no wpr-parallax-no wpr-sticky-section-no\" data-id=\"697e38b\" data-element_type=\"section\" data-settings=\"{&quot;background_background&quot;:&quot;classic&quot;}\">\n\t\t\t\t\t\t<div class=\"elementor-container elementor-column-gap-default\">\n\t\t\t\t\t<div class=\"elementor-column elementor-col-100 elementor-top-column elementor-element elementor-element-1f42e59\" data-id=\"1f42e59\" data-element_type=\"column\">\n\t\t\t<div class=\"elementor-widget-wrap elementor-element-populated\">\n\t\t\t\t\t\t<div class=\"elementor-element elementor-element-4b09557 elementor-widget elementor-widget-text-editor\" data-id=\"4b09557\" data-element_type=\"widget\" data-widget_type=\"text-editor.default\">\n\t\t\t\t<div class=\"elementor-widget-container\">\n\t\t\t<style>\/*! elementor - v3.20.0 - 20-03-2024 *\/\n.elementor-widget-text-editor.elementor-drop-cap-view-stacked .elementor-drop-cap{background-color:#69727d;color:#fff}.elementor-widget-text-editor.elementor-drop-cap-view-framed .elementor-drop-cap{color:#69727d;border:3px solid;background-color:transparent}.elementor-widget-text-editor:not(.elementor-drop-cap-view-default) .elementor-drop-cap{margin-top:8px}.elementor-widget-text-editor:not(.elementor-drop-cap-view-default) .elementor-drop-cap-letter{width:1em;height:1em}.elementor-widget-text-editor .elementor-drop-cap{float:left;text-align:center;line-height:1;font-size:50px}.elementor-widget-text-editor .elementor-drop-cap-letter{display:inline-block}<\/style>\t\t\t\t<p>Die \u00e4sthetische Chirurgie ist ein Wissenschaftszweig, der immer mehr Aufmerksamkeit auf sich zieht und sowohl in unserem Land als auch in anderen L\u00e4ndern der Welt Anwendung findet. Es kann jedoch sein, dass Sie in Ihrem Umfeld auf Menschen treffen, die mit dem Ergebnis der \u00e4sthetischen Chirurgie sehr unterschiedlich zufrieden sind. Es gibt so viele Faktoren, die den Erfolg des Ergebnisses in der \u00e4sthetischen Chirurgie bestimmen; manchmal, obwohl wir manchmal ein sehr erfolgreiches chirurgisches Ergebnis erzielen, kann die Tatsache, dass das Ergebnis nicht dem Wunschergebnis unserer Patienten entspricht, unseren Erfolg \u00fcberschatten. Daher ist das wichtigste Merkmal, das uns Fach\u00e4rzte f\u00fcr plastische Chirurgie von anderen Chirurgen unterscheidet, unser Bem\u00fchen, unserem Patienten unerm\u00fcdlich zuzuh\u00f6ren, genau wie ein Facharzt f\u00fcr Psychiatrie, um seine Erwartungen voll und ganz zu verstehen, die Operationstechnik zu bestimmen, die seinen Erwartungen am n\u00e4chsten kommt, und ihn zu \u00fcberreden, wenn n\u00f6tig, auf die Operation zu verzichten.<\/p><p>Nach \u00e4sthetischen Eingriffen haben wir nur ein Ziel: Wir wollen, dass unser Patient gl\u00fccklich ist. Wir, die Fach\u00e4rzte f\u00fcr plastische Chirurgie, achten darauf, dass jeder Schritt, den wir zu diesem Zweck unternehmen, auf ethischen und wissenschaftlichen Grundlagen beruht. Das Wichtigste f\u00fcr das postoperative Gl\u00fcck ist eine m\u00f6glichst realistische, transparente und positive Kommunikation zwischen Patient und plastischem Chirurgen w\u00e4hrend der pr\u00e4operativen Planungsphase und des postoperativen Genesungsprozesses.<\/p><p>Wir plastischen Chirurgen erlangen nach einem langen und schwierigen Spezialisierungsprozess das Fachgebiet der \u00c4sthetisch-Plastischen und Rekonstruktiven Chirurgie, eines der schwierigsten Teilgebiete der Medizin, in dem Wissenschaft und Kunst zusammenkommen. Das Wissen \u00fcber die \u00c4sthetische Chirurgie und die Etikette in der T\u00fcrkei, aber vor allem die \u00e4sthetische Perspektive, wird in den Jahren der Spezialisierung erworben. Sie k\u00f6nnen nicht sp\u00e4ter von anderen Fach\u00e4rzten oder Nicht-Fach\u00e4rzten durch Kurzzeitkurse oder kurze Ausbildungsprogramme im Ausland erworben werden, die in unserem Land keine Entsprechung haben. Seien Sie sich daher bewusst, dass Ihre \u00e4sthetische Operation von einem Facharzt f\u00fcr \u00c4sthetische, Plastische und Rekonstruktive Chirurgie durchgef\u00fchrt werden sollte.<\/p><p>Wenn es um \u00e4sthetische Chirurgie geht, spielt vor allem in den letzten Jahren der Einfluss der Medien eine gro\u00dfe Rolle bei Ihrer Entscheidung, sich einer Operation zu unterziehen. Da sie jedoch mit der Vorsilbe &#8220;nicht-chirurgisch&#8221; pr\u00e4sentiert wird, empfehlen wir Ihnen, sich von Methoden und Anwendungen fernzuhalten, die f\u00fcr Ihre Ohren angenehm klingen, in den schriftlichen, visuellen und sozialen Medien gro\u00dfe Beachtung finden, Ihnen aber keine effektiven Ergebnisse in konkreter Form bieten. Vergessen Sie nicht: Die Wahrheit ist eine, w\u00e4hrend das Falsche mehr als eine ist. In Anbetracht der Tatsache, dass sich unser Wissen \u00fcber die Anatomie von Tag zu Tag vertieft und wir von den Segnungen der Technologie profitieren, sind \u00e4sthetische Operationen nicht nur wirksam und dauerhaft, sondern bieten auch schnellere Heilungschancen. Daher hat das Interesse an \u00e4sthetischen Operationen, insbesondere an Brustvergr\u00f6\u00dferungen und Facelifting, in den letzten Jahren deutlich zugenommen.<\/p><p>Wenn Sie sich f\u00fcr einen chirurgischen Eingriff entscheiden, sollten Sie sich zun\u00e4chst \u00fcber den Eingriff informieren und sich fragen, ob Sie f\u00fcr diese Operation geeignet sind. Lassen Sie sich dann von einem Facharzt f\u00fcr plastische Chirurgie beraten, der Erfahrung auf diesem Gebiet hat, finden Sie heraus, welche Technik f\u00fcr Sie effektiver und sicherer ist, beseitigen Sie die Fragezeichen in Ihrem Kopf und entscheiden Sie sich dann f\u00fcr den Eingriff. Vergessen Sie nicht zwei Dinge, die f\u00fcr ein erfolgreiches chirurgisches Ergebnis unerl\u00e4sslich sind: ein geeigneter Patient und die richtige chirurgische Technik.<\/p>\t\t\t\t\t\t<\/div>\n\t\t\t\t<\/div>\n\t\t\t\t\t<\/div>\n\t\t<\/div>\n\t\t\t\t\t<\/div>\n\t\t<\/section>\n\t\t\t\t<section class=\"elementor-section elementor-top-section elementor-element elementor-element-a526c74 elementor-section-boxed elementor-section-height-default elementor-section-height-default wpr-particle-no wpr-jarallax-no wpr-parallax-no wpr-sticky-section-no\" data-id=\"a526c74\" data-element_type=\"section\" data-settings=\"{&quot;background_background&quot;:&quot;classic&quot;}\">\n\t\t\t\t\t\t<div class=\"elementor-container elementor-column-gap-default\">\n\t\t\t\t\t<div class=\"elementor-column elementor-col-50 elementor-top-column elementor-element elementor-element-2116618\" data-id=\"2116618\" data-element_type=\"column\">\n\t\t\t<div class=\"elementor-widget-wrap elementor-element-populated\">\n\t\t\t\t\t\t<div class=\"elementor-element elementor-element-688f9dd elementor-widget elementor-widget-image\" data-id=\"688f9dd\" data-element_type=\"widget\" data-widget_type=\"image.default\">\n\t\t\t\t<div class=\"elementor-widget-container\">\n\t\t\t<style>\/*! elementor - v3.20.0 - 20-03-2024 *\/\n.elementor-widget-image{text-align:center}.elementor-widget-image a{display:inline-block}.elementor-widget-image a img[src$=\".svg\"]{width:48px}.elementor-widget-image img{vertical-align:middle;display:inline-block}<\/style>\t\t\t\t\t\t\t\t\t\t<img fetchpriority=\"high\" decoding=\"async\" width=\"775\" height=\"500\" src=\"https:\/\/drkul.com\/de\/wp-content\/uploads\/2024\/03\/dr-zekeriya-kul-p4.jpg\" class=\"attachment-full size-full wp-image-16077\" alt=\"\" srcset=\"https:\/\/drkul.com\/de\/wp-content\/uploads\/2024\/03\/dr-zekeriya-kul-p4.jpg 775w,  https:\/\/drkul.com\/de\/wp-content\/uploads\/2024\/03\/dr-zekeriya-kul-p4-300x194.jpg 300w\" sizes=\"(max-width: 775px) 100vw, 775px\" \/>\t\t\t\t\t\t\t\t\t\t\t\t\t<\/div>\n\t\t\t\t<\/div>\n\t\t\t\t\t<\/div>\n\t\t<\/div>\n\t\t\t\t<div class=\"elementor-column elementor-col-50 elementor-top-column elementor-element elementor-element-5d9e782\" data-id=\"5d9e782\" data-element_type=\"column\">\n\t\t\t<div class=\"elementor-widget-wrap elementor-element-populated\">\n\t\t\t\t\t\t<div class=\"elementor-element elementor-element-b603bdc elementor-widget elementor-widget-heading\" data-id=\"b603bdc\" data-element_type=\"widget\" data-widget_type=\"heading.default\">\n\t\t\t\t<div class=\"elementor-widget-container\">\n\t\t\t<h2 class=\"elementor-heading-title elementor-size-default\">Unsere Vision<\/h2>\t\t<\/div>\n\t\t\t\t<\/div>\n\t\t\t\t<div class=\"elementor-element elementor-element-82ba427 elementor-widget elementor-widget-spacer\" data-id=\"82ba427\" data-element_type=\"widget\" data-widget_type=\"spacer.default\">\n\t\t\t\t<div class=\"elementor-widget-container\">\n\t\t\t\t\t<div class=\"elementor-spacer\">\n\t\t\t<div class=\"elementor-spacer-inner\"><\/div>\n\t\t<\/div>\n\t\t\t\t<\/div>\n\t\t\t\t<\/div>\n\t\t\t\t<div class=\"elementor-element elementor-element-6a2112b elementor-widget elementor-widget-text-editor\" data-id=\"6a2112b\" data-element_type=\"widget\" data-widget_type=\"text-editor.default\">\n\t\t\t\t<div class=\"elementor-widget-container\">\n\t\t\t\t\t\t\t<p>Das erste Zentrum zu sein, das einem in den Sinn kommt, wenn man fragt, wo man einen zuverl\u00e4ssigen Service bekommt&#8221;, im Bereich der \u00e4sthetischen, plastischen und rekonstruktiven Chirurgie, indem wir moderne chirurgische Techniken anwenden, die auf wissenschaftlichen und ethischen Werten basieren.<\/p>\t\t\t\t\t\t<\/div>\n\t\t\t\t<\/div>\n\t\t\t\t<div class=\"elementor-element elementor-element-f05f45e elementor-widget elementor-widget-spacer\" data-id=\"f05f45e\" data-element_type=\"widget\" data-widget_type=\"spacer.default\">\n\t\t\t\t<div class=\"elementor-widget-container\">\n\t\t\t\t\t<div class=\"elementor-spacer\">\n\t\t\t<div class=\"elementor-spacer-inner\"><\/div>\n\t\t<\/div>\n\t\t\t\t<\/div>\n\t\t\t\t<\/div>\n\t\t\t\t<div class=\"elementor-element elementor-element-32f6f66 elementor-widget elementor-widget-heading\" data-id=\"32f6f66\" data-element_type=\"widget\" data-widget_type=\"heading.default\">\n\t\t\t\t<div class=\"elementor-widget-container\">\n\t\t\t<h2 class=\"elementor-heading-title elementor-size-default\">Unser Auftrag<\/h2>\t\t<\/div>\n\t\t\t\t<\/div>\n\t\t\t\t<div class=\"elementor-element elementor-element-a5b723f elementor-widget elementor-widget-spacer\" data-id=\"a5b723f\" data-element_type=\"widget\" data-widget_type=\"spacer.default\">\n\t\t\t\t<div class=\"elementor-widget-container\">\n\t\t\t\t\t<div class=\"elementor-spacer\">\n\t\t\t<div class=\"elementor-spacer-inner\"><\/div>\n\t\t<\/div>\n\t\t\t\t<\/div>\n\t\t\t\t<\/div>\n\t\t\t\t<div class=\"elementor-element elementor-element-412e9b6 elementor-widget elementor-widget-text-editor\" data-id=\"412e9b6\" data-element_type=\"widget\" data-widget_type=\"text-editor.default\">\n\t\t\t\t<div class=\"elementor-widget-container\">\n\t\t\t\t\t\t\t<p>Unseren Patienten zusammen mit unserem qualifizierten Personal einen zuverl\u00e4ssigen und freundlichen Gesundheitsdienst zu bieten, unabh\u00e4ngig von Religion, Sprache und Rasse, vom ersten Tag an, an dem wir uns treffen, bis zum Tag, an dem wir das Endergebnis der Behandlung erhalten.<\/p>\t\t\t\t\t\t<\/div>\n\t\t\t\t<\/div>\n\t\t\t\t\t<\/div>\n\t\t<\/div>\n\t\t\t\t\t<\/div>\n\t\t<\/section>\n\t\t\t\t<\/div>","protected":false},"excerpt":{"rendered":"<p>Chirurgische Philosophie Nach \u00e4sthetischen Eingriffen haben wir nur ein Ziel: Wir wollen, dass unser Patient gl\u00fccklich ist! Die \u00e4sthetische Chirurgie ist ein Wissenschaftszweig, der immer mehr Aufmerksamkeit auf sich zieht und sowohl in unserem Land als auch in anderen L\u00e4ndern der Welt Anwendung findet. Es kann jedoch sein, dass Sie in Ihrem Umfeld auf Menschen [&hellip;]<\/p>","protected":false},"author":1,"featured_media":0,"parent":0,"menu_order":0,"comment_status":"closed","ping_status":"closed","template":"","meta":{"footnotes":""},"class_list":["post-16058","page","type-page","status-publish","hentry"],"aioseo_notices":[],"_links":{"self":[{"href":"https:\/\/drkul.com\/de\/wp-json\/wp\/v2\/pages\/16058","targetHints":{"allow":["GET"]}}],"collection":[{"href":"https:\/\/drkul.com\/de\/wp-json\/wp\/v2\/pages"}],"about":[{"href":"https:\/\/drkul.com\/de\/wp-json\/wp\/v2\/types\/page"}],"author":[{"embeddable":true,"href":"https:\/\/drkul.com\/de\/wp-json\/wp\/v2\/users\/1"}],"replies":[{"embeddable":true,"href":"https:\/\/drkul.com\/de\/wp-json\/wp\/v2\/comments?post=16058"}],"version-history":[{"count":32,"href":"https:\/\/drkul.com\/de\/wp-json\/wp\/v2\/pages\/16058\/revisions"}],"predecessor-version":[{"id":16888,"href":"https:\/\/drkul.com\/de\/wp-json\/wp\/v2\/pages\/16058\/revisions\/16888"}],"wp:attachment":[{"href":"https:\/\/drkul.com\/de\/wp-json\/wp\/v2\/media?parent=16058"}],"curies":[{"name":"wp","href":"https:\/\/api.w.org\/{rel}","templated":true}]}}