{"id":11926,"date":"2022-04-14T02:19:52","date_gmt":"2022-04-13T23:19:52","guid":{"rendered":"https:\/\/drkul.com\/de\/?page_id=11926"},"modified":"2024-07-09T00:59:42","modified_gmt":"2024-07-08T21:59:42","slug":"blog","status":"publish","type":"page","link":"https:\/\/drkul.com\/de\/blog\/","title":{"rendered":"Blog"},"content":{"rendered":"<div data-elementor-type=\"wp-page\" data-elementor-id=\"11926\" class=\"elementor elementor-11926\" data-elementor-post-type=\"page\">\n\t\t\t\t\t\t<section class=\"elementor-section elementor-top-section elementor-element elementor-element-82a52b1 elementor-section-boxed elementor-section-height-default elementor-section-height-default wpr-particle-no wpr-jarallax-no wpr-parallax-no wpr-sticky-section-no\" data-id=\"82a52b1\" data-element_type=\"section\" data-settings=\"{&quot;background_background&quot;:&quot;classic&quot;}\">\n\t\t\t\t\t\t<div class=\"elementor-container elementor-column-gap-default\">\n\t\t\t\t\t<div class=\"elementor-column elementor-col-100 elementor-top-column elementor-element elementor-element-0bc7b63\" data-id=\"0bc7b63\" data-element_type=\"column\">\n\t\t\t<div class=\"elementor-widget-wrap elementor-element-populated\">\n\t\t\t\t\t\t<div class=\"elementor-element elementor-element-e23130d elementor-widget elementor-widget-heading\" data-id=\"e23130d\" data-element_type=\"widget\" data-widget_type=\"heading.default\">\n\t\t\t\t<div class=\"elementor-widget-container\">\n\t\t\t<style>\/*! elementor - v3.20.0 - 20-03-2024 *\/\n.elementor-heading-title{padding:0;margin:0;line-height:1}.elementor-widget-heading .elementor-heading-title[class*=elementor-size-]>a{color:inherit;font-size:inherit;line-height:inherit}.elementor-widget-heading .elementor-heading-title.elementor-size-small{font-size:15px}.elementor-widget-heading .elementor-heading-title.elementor-size-medium{font-size:19px}.elementor-widget-heading .elementor-heading-title.elementor-size-large{font-size:29px}.elementor-widget-heading .elementor-heading-title.elementor-size-xl{font-size:39px}.elementor-widget-heading .elementor-heading-title.elementor-size-xxl{font-size:59px}<\/style><div class=\"elementor-heading-title elementor-size-default\"><div class=\"aioseo-breadcrumbs\"><span class=\"aioseo-breadcrumb\">\n\tAnasayfa\n<\/span><\/div><\/div>\t\t<\/div>\n\t\t\t\t<\/div>\n\t\t\t\t<div class=\"elementor-element elementor-element-088085c elementor-widget elementor-widget-spacer\" data-id=\"088085c\" data-element_type=\"widget\" data-widget_type=\"spacer.default\">\n\t\t\t\t<div class=\"elementor-widget-container\">\n\t\t\t<style>\/*! elementor - v3.20.0 - 20-03-2024 *\/\n.elementor-column .elementor-spacer-inner{height:var(--spacer-size)}.e-con{--container-widget-width:100%}.e-con-inner>.elementor-widget-spacer,.e-con>.elementor-widget-spacer{width:var(--container-widget-width,var(--spacer-size));--align-self:var(--container-widget-align-self,initial);--flex-shrink:0}.e-con-inner>.elementor-widget-spacer>.elementor-widget-container,.e-con>.elementor-widget-spacer>.elementor-widget-container{height:100%;width:100%}.e-con-inner>.elementor-widget-spacer>.elementor-widget-container>.elementor-spacer,.e-con>.elementor-widget-spacer>.elementor-widget-container>.elementor-spacer{height:100%}.e-con-inner>.elementor-widget-spacer>.elementor-widget-container>.elementor-spacer>.elementor-spacer-inner,.e-con>.elementor-widget-spacer>.elementor-widget-container>.elementor-spacer>.elementor-spacer-inner{height:var(--container-widget-height,var(--spacer-size))}.e-con-inner>.elementor-widget-spacer.elementor-widget-empty,.e-con>.elementor-widget-spacer.elementor-widget-empty{position:relative;min-height:22px;min-width:22px}.e-con-inner>.elementor-widget-spacer.elementor-widget-empty .elementor-widget-empty-icon,.e-con>.elementor-widget-spacer.elementor-widget-empty .elementor-widget-empty-icon{position:absolute;top:0;bottom:0;left:0;right:0;margin:auto;padding:0;width:22px;height:22px}<\/style>\t\t<div class=\"elementor-spacer\">\n\t\t\t<div class=\"elementor-spacer-inner\"><\/div>\n\t\t<\/div>\n\t\t\t\t<\/div>\n\t\t\t\t<\/div>\n\t\t\t\t<div class=\"elementor-element elementor-element-16321df elementor-widget elementor-widget-heading\" data-id=\"16321df\" data-element_type=\"widget\" data-widget_type=\"heading.default\">\n\t\t\t\t<div class=\"elementor-widget-container\">\n\t\t\t<h1 class=\"elementor-heading-title elementor-size-default\">Blog Posts<\/h1>\t\t<\/div>\n\t\t\t\t<\/div>\n\t\t\t\t<div class=\"elementor-element elementor-element-bd07e74 elementor-widget elementor-widget-heading\" data-id=\"bd07e74\" data-element_type=\"widget\" data-widget_type=\"heading.default\">\n\t\t\t\t<div class=\"elementor-widget-container\">\n\t\t\t<p class=\"elementor-heading-title elementor-size-default\">Verfolgen Sie die neuesten Nachrichten, Ideen und Innovationen in der \u00e4sthetischen Chirurgie!<\/p>\t\t<\/div>\n\t\t\t\t<\/div>\n\t\t\t\t\t<\/div>\n\t\t<\/div>\n\t\t\t\t\t<\/div>\n\t\t<\/section>\n\t\t\t\t<section class=\"elementor-section elementor-top-section elementor-element elementor-element-321a59f elementor-section-boxed elementor-section-height-default elementor-section-height-default wpr-particle-no wpr-jarallax-no wpr-parallax-no wpr-sticky-section-no\" data-id=\"321a59f\" data-element_type=\"section\" data-settings=\"{&quot;background_background&quot;:&quot;classic&quot;}\">\n\t\t\t\t\t\t<div class=\"elementor-container elementor-column-gap-default\">\n\t\t\t\t\t<div class=\"elementor-column elementor-col-100 elementor-top-column elementor-element elementor-element-7d73096\" data-id=\"7d73096\" data-element_type=\"column\">\n\t\t\t<div class=\"elementor-widget-wrap elementor-element-populated\">\n\t\t\t\t\t\t<div class=\"elementor-element elementor-element-ba1df41 elementor-widget elementor-widget-ld_blog\" data-id=\"ba1df41\" data-element_type=\"widget\" data-widget_type=\"ld_blog.default\">\n\t\t\t\t<div class=\"elementor-widget-container\">\n\t\t\t<div class=\"lqd-lp-grid ba1df41 blog-id-195157825\"><div class=\"lqd-lp-row row pos-rel d-flex flex-wrap\" ><div class=\"lqd-lp-column d-flex flex-column col-md-4 col-sm-6 blog\"><article id=\"post-15869\" class=\"lqd-lp pos-rel lqd-lp lqd-lp-style-16 text-start post-15869 post type-post status-publish format-standard has-post-thumbnail hentry category-blog\">\n\n<div class=\"lqd-lp-img border-radius-4 overflow-hidden pos-rel mb-5\">\n\t<figure class=\"pos-rel bg-cover bg-center w-100\"><img fetchpriority=\"high\" decoding=\"async\" width=\"720\" height=\"400\" src=\"https:\/\/drkul.com\/de\/wp-content\/uploads\/2024\/03\/karin-germe-estetigi-blog-1-720x400.jpg\" class=\"w-100 wp-post-image\" alt=\"\" srcset=\"https:\/\/drkul.com\/de\/wp-content\/uploads\/2024\/03\/karin-germe-estetigi-blog-1-720x400.jpg 720w,   https:\/\/drkul.com\/de\/wp-content\/uploads\/2024\/03\/karin-germe-estetigi-blog-1-300x167.jpg 300w,   https:\/\/drkul.com\/de\/wp-content\/uploads\/2024\/03\/karin-germe-estetigi-blog-1.jpg 1000w\" sizes=\"(max-width: 720px) 100vw, 720px\" \/><\/figure><\/div>\n\n<header class=\"lqd-lp-header mb-3\">\n\t<h3 class=\"entry-title lqd-lp-title h5 m-0\"><a  href=\"https:\/\/drkul.com\/de\/bauchdeckenstraffung-details-und-genesung.html\/\" rel=\"bookmark\">Bauchdeckenstraffung: Details und Genesung<\/a><\/h3><\/header>\n\n\t\t\t<div class=\"lqd-lp-excerpt mb-3\">\n\t\t\t\tHeutzutage wird die \u00e4sthetische Chirurgie immer beliebter, um das Aussehen der Menschen zu...\t\t\t<\/div>\n\t\t\n<footer class=\"lqd-lp-footer pos-rel z-index-2 pt-1\">\n\t<a href=\"https:\/\/drkul.com\/de\/bauchdeckenstraffung-details-und-genesung.html\/\" class=\"btn btn-naked text-uppercase ltr-sp-1 size-sm font-weight-bold lqd-lp-read-more\">\n\t\t<span class=\"btn-line btn-line-before d-inline-block pos-rel\"><\/span>\n\t\t<span class=\"btn-txt d-inline-block\">Devam\u0131n\u0131 Oku<\/span>\n\t\t<span class=\"btn-line btn-line-after d-inline-block pos-rel\">\n\t\t\t<svg class=\"d-inline-block pos-abs\" xmlns=\"http:\/\/www.w3.org\/2000\/svg\" width=\"12\" height=\"32\" viewBox=\"0 0 12 32\" style=\"height: 2em;\"><path fill=\"currentColor\" d=\"M8.375 16L.437 8.062C-.125 7.5-.125 6.5.438 5.938s1.563-.563 2.126 0l9 9c.562.562.624 1.5.062 2.062l-9.063 9.063c-.312.312-.687.437-1.062.437s-.75-.125-1.063-.438c-.562-.562-.562-1.562 0-2.125z\"><\/path><\/svg>\n\t\t<\/span>\n\t<\/a>\n<\/footer>\n\n<a  href=\"https:\/\/drkul.com\/de\/bauchdeckenstraffung-details-und-genesung.html\/\" class=\"lqd-lp-overlay-link lqd-overlay lqd-cc-label-trigger z-index-2\" tab-index=\"-1\"><\/a>\n<\/article><\/div><div class=\"lqd-lp-column d-flex flex-column col-md-4 col-sm-6 blog\"><article id=\"post-15857\" class=\"lqd-lp pos-rel lqd-lp lqd-lp-style-16 text-start post-15857 post type-post status-publish format-standard has-post-thumbnail hentry category-blog\">\n\n<div class=\"lqd-lp-img border-radius-4 overflow-hidden pos-rel mb-5\">\n\t<figure class=\"pos-rel bg-cover bg-center w-100\"><img decoding=\"async\" width=\"720\" height=\"400\" src=\"https:\/\/drkul.com\/de\/wp-content\/uploads\/2024\/03\/meme-buyutme-estetigi-blog-1-720x400.jpg\" class=\"w-100 wp-post-image\" alt=\"\" srcset=\"https:\/\/drkul.com\/de\/wp-content\/uploads\/2024\/03\/meme-buyutme-estetigi-blog-1-720x400.jpg 720w,   https:\/\/drkul.com\/de\/wp-content\/uploads\/2024\/03\/meme-buyutme-estetigi-blog-1-300x167.jpg 300w,   https:\/\/drkul.com\/de\/wp-content\/uploads\/2024\/03\/meme-buyutme-estetigi-blog-1.jpg 1000w\" sizes=\"(max-width: 720px) 100vw, 720px\" \/><\/figure><\/div>\n\n<header class=\"lqd-lp-header mb-3\">\n\t<h3 class=\"entry-title lqd-lp-title h5 m-0\"><a  href=\"https:\/\/drkul.com\/de\/alles-uber-brustvergroserung-und-asthetik.html\/\" rel=\"bookmark\">Alles \u00fcber Brustvergr\u00f6\u00dferung und \u00c4sthetik<\/a><\/h3><\/header>\n\n\t\t\t<div class=\"lqd-lp-excerpt mb-3\">\n\t\t\t\tHeutzutage ist die \u00e4sthetische Brustvergr\u00f6\u00dferung ein sehr beliebtes \u00e4sthetisch-chirurgisches...\t\t\t<\/div>\n\t\t\n<footer class=\"lqd-lp-footer pos-rel z-index-2 pt-1\">\n\t<a href=\"https:\/\/drkul.com\/de\/alles-uber-brustvergroserung-und-asthetik.html\/\" class=\"btn btn-naked text-uppercase ltr-sp-1 size-sm font-weight-bold lqd-lp-read-more\">\n\t\t<span class=\"btn-line btn-line-before d-inline-block pos-rel\"><\/span>\n\t\t<span class=\"btn-txt d-inline-block\">Devam\u0131n\u0131 Oku<\/span>\n\t\t<span class=\"btn-line btn-line-after d-inline-block pos-rel\">\n\t\t\t<svg class=\"d-inline-block pos-abs\" xmlns=\"http:\/\/www.w3.org\/2000\/svg\" width=\"12\" height=\"32\" viewBox=\"0 0 12 32\" style=\"height: 2em;\"><path fill=\"currentColor\" d=\"M8.375 16L.437 8.062C-.125 7.5-.125 6.5.438 5.938s1.563-.563 2.126 0l9 9c.562.562.624 1.5.062 2.062l-9.063 9.063c-.312.312-.687.437-1.062.437s-.75-.125-1.063-.438c-.562-.562-.562-1.562 0-2.125z\"><\/path><\/svg>\n\t\t<\/span>\n\t<\/a>\n<\/footer>\n\n<a  href=\"https:\/\/drkul.com\/de\/alles-uber-brustvergroserung-und-asthetik.html\/\" class=\"lqd-lp-overlay-link lqd-overlay lqd-cc-label-trigger z-index-2\" tab-index=\"-1\"><\/a>\n<\/article><\/div><div class=\"lqd-lp-column d-flex flex-column col-md-4 col-sm-6 blog\"><article id=\"post-14940\" class=\"lqd-lp pos-rel lqd-lp lqd-lp-style-16 text-start post-14940 post type-post status-publish format-standard has-post-thumbnail hentry category-blog\">\n\n<div class=\"lqd-lp-img border-radius-4 overflow-hidden pos-rel mb-5\">\n\t<figure class=\"pos-rel bg-cover bg-center w-100\"><img decoding=\"async\" width=\"720\" height=\"400\" src=\"https:\/\/drkul.com\/de\/wp-content\/uploads\/2024\/02\/burun-ameliyati-sonrasi-iyilesme-sureci-1-720x400.jpg\" class=\"w-100 wp-post-image\" alt=\"\" srcset=\"https:\/\/drkul.com\/de\/wp-content\/uploads\/2024\/02\/burun-ameliyati-sonrasi-iyilesme-sureci-1-720x400.jpg 720w,   https:\/\/drkul.com\/de\/wp-content\/uploads\/2024\/02\/burun-ameliyati-sonrasi-iyilesme-sureci-1-300x167.jpg 300w,   https:\/\/drkul.com\/de\/wp-content\/uploads\/2024\/02\/burun-ameliyati-sonrasi-iyilesme-sureci-1.jpg 1000w\" sizes=\"(max-width: 720px) 100vw, 720px\" \/><\/figure><\/div>\n\n<header class=\"lqd-lp-header mb-3\">\n\t<h3 class=\"entry-title lqd-lp-title h5 m-0\"><a  href=\"https:\/\/drkul.com\/de\/genesungsprozess-nach-einer-nasenoperation.html\/\" rel=\"bookmark\">Genesungsprozess nach einer Nasenoperation<\/a><\/h3><\/header>\n\n\t\t\t<div class=\"lqd-lp-excerpt mb-3\">\n\t\t\t\tDie Rhinoplastik ist ein kosmetisch-chirurgischer Eingriff, der bei Unzufriedenheit mit der...\t\t\t<\/div>\n\t\t\n<footer class=\"lqd-lp-footer pos-rel z-index-2 pt-1\">\n\t<a href=\"https:\/\/drkul.com\/de\/genesungsprozess-nach-einer-nasenoperation.html\/\" class=\"btn btn-naked text-uppercase ltr-sp-1 size-sm font-weight-bold lqd-lp-read-more\">\n\t\t<span class=\"btn-line btn-line-before d-inline-block pos-rel\"><\/span>\n\t\t<span class=\"btn-txt d-inline-block\">Devam\u0131n\u0131 Oku<\/span>\n\t\t<span class=\"btn-line btn-line-after d-inline-block pos-rel\">\n\t\t\t<svg class=\"d-inline-block pos-abs\" xmlns=\"http:\/\/www.w3.org\/2000\/svg\" width=\"12\" height=\"32\" viewBox=\"0 0 12 32\" style=\"height: 2em;\"><path fill=\"currentColor\" d=\"M8.375 16L.437 8.062C-.125 7.5-.125 6.5.438 5.938s1.563-.563 2.126 0l9 9c.562.562.624 1.5.062 2.062l-9.063 9.063c-.312.312-.687.437-1.062.437s-.75-.125-1.063-.438c-.562-.562-.562-1.562 0-2.125z\"><\/path><\/svg>\n\t\t<\/span>\n\t<\/a>\n<\/footer>\n\n<a  href=\"https:\/\/drkul.com\/de\/genesungsprozess-nach-einer-nasenoperation.html\/\" class=\"lqd-lp-overlay-link lqd-overlay lqd-cc-label-trigger z-index-2\" tab-index=\"-1\"><\/a>\n<\/article><\/div><\/div><!--\/ .row --><\/div><!--\/ .lqd-lp-grid -->\t\t<\/div>\n\t\t\t\t<\/div>\n\t\t\t\t\t<\/div>\n\t\t<\/div>\n\t\t\t\t\t<\/div>\n\t\t<\/section>\n\t\t\t\t<\/div>","protected":false},"excerpt":{"rendered":"<p>Blog Posts Verfolgen Sie die neuesten Nachrichten, Ideen und Innovationen in der \u00e4sthetischen Chirurgie! Kar\u0131n<\/p>","protected":false},"author":1,"featured_media":0,"parent":0,"menu_order":0,"comment_status":"closed","ping_status":"closed","template":"","meta":{"footnotes":""},"class_list":["post-11926","page","type-page","status-publish","hentry"],"aioseo_notices":[],"_links":{"self":[{"href":"https:\/\/drkul.com\/de\/wp-json\/wp\/v2\/pages\/11926","targetHints":{"allow":["GET"]}}],"collection":[{"href":"https:\/\/drkul.com\/de\/wp-json\/wp\/v2\/pages"}],"about":[{"href":"https:\/\/drkul.com\/de\/wp-json\/wp\/v2\/types\/page"}],"author":[{"embeddable":true,"href":"https:\/\/drkul.com\/de\/wp-json\/wp\/v2\/users\/1"}],"replies":[{"embeddable":true,"href":"https:\/\/drkul.com\/de\/wp-json\/wp\/v2\/comments?post=11926"}],"version-history":[{"count":40,"href":"https:\/\/drkul.com\/de\/wp-json\/wp\/v2\/pages\/11926\/revisions"}],"predecessor-version":[{"id":16898,"href":"https:\/\/drkul.com\/de\/wp-json\/wp\/v2\/pages\/11926\/revisions\/16898"}],"wp:attachment":[{"href":"https:\/\/drkul.com\/de\/wp-json\/wp\/v2\/media?parent=11926"}],"curies":[{"name":"wp","href":"https:\/\/api.w.org\/{rel}","templated":true}]}}